{"id":2,"date":"2025-01-03T08:32:40","date_gmt":"2025-01-03T08:32:40","guid":{"rendered":"https:\/\/bosniarallye.paulwuehrer.com\/?page_id=2"},"modified":"2025-02-26T10:13:58","modified_gmt":"2025-02-26T09:13:58","slug":"lets-do-this","status":"publish","type":"page","link":"https:\/\/bosniarallye.paulwuehrer.com\/de\/lets-do-this\/","title":{"rendered":"Los geht\u2018s"},"content":{"rendered":"\n<p>Ich war schon immer ein gro\u00dfer KTM-Fan und f\u00fchlte mich schon immer zum Off-Roading hingezogen, aber leider habe ich nie etwas wie Rallye- oder Cross-Country gemacht oder machen k\u00f6nnen. Ich sch\u00e4tze, ein Grund, warum ich es nie gemacht habe, ist, dass ich in einem Land lebe und lebte, in dem es nicht erlaubt ist, mit dem Motorrad querfeldein durch die W\u00e4lder zu fahren. Das bringt enorme Geldstrafen und Probleme mit sich.<\/p>\n\n\n\n<p>W\u00e4hrend meiner Zeit bei KTM konnte ich mir eine sch\u00f6ne 890 ADVENTURE R 2022 kaufen und langsam aber sicher wuchs die Idee, an einer Rallye teilzunehmen<\/p>\n\n\n\n<blockquote class=\"wp-block-quote is-layout-flow wp-block-quote-is-layout-flow\">\n<p>Dieser Blog wird mein pers\u00f6nliches Tagebuch dar\u00fcber sein, wie ich mich, mein Motorrad und alles andere vorbereite. Dar\u00fcber hinaus, werde ich auch w\u00e4hrend der Rally hier posten. Bleibt also gespannt!<\/p>\n<\/blockquote>\n\n\n\n<p>Dennoch ist das Ganze \u201eAdventure Riding\u201c ziemlich neu f\u00fcr mich. Deswegen wollte ich auch nicht zu einer der gro\u00dfen Rallys, wie\u00a0<a href=\"https:\/\/hellasrally.org\/\" target=\"_blank\" rel=\"noreferrer noopener\">Hellas Rally Raid<\/a>, fahren, sondern zu etwas kleinerem. Also fielmeine Wahl auf die\u00a0<a href=\"https:\/\/bosnia-rally.com\/\" target=\"_blank\" rel=\"noreferrer noopener\">Bosnia Rally 2025<\/a>. Im Allgemeinen wird sie nicht als Rennen deklariert, unterliegt damit auch nicht FIM Regularien und ist daher genau das, nachdem ich gesucht hatte. Eine kleine, nette rally ohne Zeitnehmung, ohne Wettbewerb. Eigentlich definieren sie es auch als \u201eRoadbook Trainingscamp\u201c\u2026<\/p>\n\n\n\n<blockquote class=\"wp-block-quote is-layout-flow wp-block-quote-is-layout-flow\">\n<p>Ich bin ganz sch\u00f6n aufgeregt! Das kann ich euch sagen!<\/p>\n<\/blockquote>\n\n\n\n<p>So\u2026 die rally startet am 13. Juli 2025 \u2013 bis dahin, oida, da ist eine Menge zu erledigen.<\/p>\n\n\n\n<p>Wenn ihr euch mit mir in Verbindung setzen wollt, schreibt mir einfach eine E-Mail an&nbsp;<a href=\"mailto:servus@paulwuehrer.com\">servus@paulwuehrer.com<\/a><\/p>\n\n\n\n<p>Servus und baba<br>paul<\/p>\n","protected":false},"excerpt":{"rendered":"<p>Ich war schon immer ein gro\u00dfer KTM-Fan und f\u00fchlte mich schon immer zum Off-Roading hingezogen, aber leider habe ich nie etwas wie Rallye- oder Cross-Country<\/p>\n","protected":false},"author":2,"featured_media":0,"parent":0,"menu_order":0,"comment_status":"closed","ping_status":"open","template":"","meta":{"episode_type":"","audio_file":"","podmotor_file_id":"","podmotor_episode_id":"","cover_image":"","cover_image_id":"","duration":"","filesize":"","filesize_raw":"","date_recorded":"","explicit":"","block":"","itunes_episode_number":"","itunes_title":"","itunes_season_number":"","itunes_episode_type":"","footnotes":""},"class_list":["post-2","page","type-page","status-publish","hentry"],"_links":{"self":[{"href":"https:\/\/bosniarallye.paulwuehrer.com\/de\/wp-json\/wp\/v2\/pages\/2","targetHints":{"allow":["GET"]}}],"collection":[{"href":"https:\/\/bosniarallye.paulwuehrer.com\/de\/wp-json\/wp\/v2\/pages"}],"about":[{"href":"https:\/\/bosniarallye.paulwuehrer.com\/de\/wp-json\/wp\/v2\/types\/page"}],"author":[{"embeddable":true,"href":"https:\/\/bosniarallye.paulwuehrer.com\/de\/wp-json\/wp\/v2\/users\/2"}],"replies":[{"embeddable":true,"href":"https:\/\/bosniarallye.paulwuehrer.com\/de\/wp-json\/wp\/v2\/comments?post=2"}],"version-history":[{"count":12,"href":"https:\/\/bosniarallye.paulwuehrer.com\/de\/wp-json\/wp\/v2\/pages\/2\/revisions"}],"predecessor-version":[{"id":231,"href":"https:\/\/bosniarallye.paulwuehrer.com\/de\/wp-json\/wp\/v2\/pages\/2\/revisions\/231"}],"wp:attachment":[{"href":"https:\/\/bosniarallye.paulwuehrer.com\/de\/wp-json\/wp\/v2\/media?parent=2"}],"curies":[{"name":"wp","href":"https:\/\/api.w.org\/{rel}","templated":true}]}}